{"id":5635,"date":"2026-01-16T14:55:15","date_gmt":"2026-01-16T13:55:15","guid":{"rendered":"https:\/\/uilv.org\/?page_id=5635"},"modified":"2026-01-19T13:43:30","modified_gmt":"2026-01-19T12:43:30","slug":"lav_hd31","status":"publish","type":"page","link":"https:\/\/uilv.org\/index.php\/lav_hd31\/","title":{"rendered":"LAV_HD31"},"content":{"rendered":"\t\t<div data-elementor-type=\"wp-page\" data-elementor-id=\"5635\" class=\"elementor elementor-5635\" data-elementor-post-type=\"page\">\n\t\t\t\t<div class=\"elementor-element elementor-element-15978ca e-flex e-con-boxed e-con e-parent\" data-id=\"15978ca\" data-element_type=\"container\" data-e-type=\"container\">\n\t\t\t\t\t<div class=\"e-con-inner\">\n\t\t\t\t<div class=\"elementor-element elementor-element-dad51ba elementor-widget elementor-widget-spacer\" data-id=\"dad51ba\" data-element_type=\"widget\" data-e-type=\"widget\" data-widget_type=\"spacer.default\">\n\t\t\t\t<div class=\"elementor-widget-container\">\n\t\t\t\t\t\t\t<div class=\"elementor-spacer\">\n\t\t\t<div class=\"elementor-spacer-inner\"><\/div>\n\t\t<\/div>\n\t\t\t\t\t\t<\/div>\n\t\t\t\t<\/div>\n\t\t\t\t\t<\/div>\n\t\t\t\t<\/div>\n\t\t<div class=\"elementor-element elementor-element-011eb44 e-flex e-con-boxed e-con e-parent\" data-id=\"011eb44\" data-element_type=\"container\" data-e-type=\"container\">\n\t\t\t\t\t<div class=\"e-con-inner\">\n\t\t<div class=\"elementor-element elementor-element-4888e81 e-con-full e-flex e-con e-child\" data-id=\"4888e81\" data-element_type=\"container\" data-e-type=\"container\">\n\t\t\t\t<div class=\"elementor-element elementor-element-e96cd35 elementor-widget elementor-widget-heading\" data-id=\"e96cd35\" data-element_type=\"widget\" data-e-type=\"widget\" data-widget_type=\"heading.default\">\n\t\t\t\t<div class=\"elementor-widget-container\">\n\t\t\t\t\t<h2 class=\"elementor-heading-title elementor-size-default\">Habitat Diff\u00e9rent 31 (HD31)<\/h2>\t\t\t\t<\/div>\n\t\t\t\t<\/div>\n\t\t\t\t<div class=\"elementor-element elementor-element-150b57f elementor-widget elementor-widget-text-editor\" data-id=\"150b57f\" data-element_type=\"widget\" data-e-type=\"widget\" data-widget_type=\"text-editor.default\">\n\t\t\t\t<div class=\"elementor-widget-container\">\n\t\t\t\t\t\t\t\t\t<p>86 route de Bayonne<\/p><p>31300 Toulouse<\/p>\t\t\t\t\t\t\t\t<\/div>\n\t\t\t\t<\/div>\n\t\t<div class=\"elementor-element elementor-element-c7ef6b9 e-con-full e-flex e-con e-child\" data-id=\"c7ef6b9\" data-element_type=\"container\" data-e-type=\"container\">\n\t\t\t\t<div class=\"elementor-element elementor-element-c448819 elementor-widget elementor-widget-google_maps\" data-id=\"c448819\" data-element_type=\"widget\" data-e-type=\"widget\" data-widget_type=\"google_maps.default\">\n\t\t\t\t<div class=\"elementor-widget-container\">\n\t\t\t\t\t\t\t<div class=\"elementor-custom-embed\">\n\t\t\t<iframe loading=\"lazy\"\n\t\t\t\t\tsrc=\"https:\/\/maps.google.com\/maps?q=Habitat%20Diff%C3%A9rent%2031%2C%2086%20route%20de%20Bayonne%20%2031300%20Toulouse&#038;t=m&#038;z=12&#038;output=embed&#038;iwloc=near\"\n\t\t\t\t\ttitle=\"Habitat Diff\u00e9rent 31, 86 route de Bayonne  31300 Toulouse\"\n\t\t\t\t\taria-label=\"Habitat Diff\u00e9rent 31, 86 route de Bayonne  31300 Toulouse\"\n\t\t\t><\/iframe>\n\t\t<\/div>\n\t\t\t\t\t\t<\/div>\n\t\t\t\t<\/div>\n\t\t\t\t<\/div>\n\t\t<div class=\"elementor-element elementor-element-6810bfa e-con-full e-flex e-con e-child\" data-id=\"6810bfa\" data-element_type=\"container\" data-e-type=\"container\">\n\t\t\t\t<div class=\"elementor-element elementor-element-0db7190 elementor-widget elementor-widget-text-editor\" data-id=\"0db7190\" data-element_type=\"widget\" data-e-type=\"widget\" data-widget_type=\"text-editor.default\">\n\t\t\t\t<div class=\"elementor-widget-container\">\n\t\t\t\t\t\t\t\t\t<p><img decoding=\"async\" class=\"size-full wp-image-4807 alignleft\" src=\"https:\/\/uilv.org\/wp-content\/uploads\/2025\/09\/Tel.png\" alt=\"\" width=\"33\" height=\"25\" \/>06 29 26 55 19\u00a0<\/p><p><img decoding=\"async\" class=\"size-full wp-image-4807 alignleft\" src=\"https:\/\/uilv.org\/wp-content\/uploads\/2025\/09\/Tel.png\" alt=\"\" width=\"33\" height=\"25\" \/>06 22 52 26 16<\/p>\t\t\t\t\t\t\t\t<\/div>\n\t\t\t\t<\/div>\n\t\t\t\t<div class=\"elementor-element elementor-element-3941504 elementor-widget elementor-widget-text-editor\" data-id=\"3941504\" data-element_type=\"widget\" data-e-type=\"widget\" data-widget_type=\"text-editor.default\">\n\t\t\t\t<div class=\"elementor-widget-container\">\n\t\t\t\t\t\t\t\t\t<p><img decoding=\"async\" class=\"size-full wp-image-4806 alignleft\" src=\"https:\/\/uilv.org\/wp-content\/uploads\/2025\/09\/mail.png\" alt=\"\" width=\"33\" height=\"23\" \/>contact.hd.31@gmail.com<\/p>\t\t\t\t\t\t\t\t<\/div>\n\t\t\t\t<\/div>\n\t\t\t\t<\/div>\n\t\t\t\t<\/div>\n\t\t<div class=\"elementor-element elementor-element-e35b9b5 e-con-full e-flex e-con e-child\" data-id=\"e35b9b5\" data-element_type=\"container\" data-e-type=\"container\">\n\t\t\t\t<div class=\"elementor-element elementor-element-28a020d e-n-tabs-mobile elementor-widget elementor-widget-n-tabs\" data-id=\"28a020d\" data-element_type=\"widget\" data-e-type=\"widget\" data-settings=\"{&quot;horizontal_scroll&quot;:&quot;disable&quot;}\" data-widget_type=\"nested-tabs.default\">\n\t\t\t\t<div class=\"elementor-widget-container\">\n\t\t\t\t\t\t\t<div class=\"e-n-tabs\" data-widget-number=\"42598925\" aria-label=\"Onglets. Ouvrez des \u00e9l\u00e9ments avec Entrer ou Espace, fermez-les avec Echape et naviguez \u00e0 l&#039;aide des touches fl\u00e9ch\u00e9es.\">\n\t\t\t<div class=\"e-n-tabs-heading\" role=\"tablist\">\n\t\t\t\t\t<button id=\"e-n-tab-title-425989251\" data-tab-title-id=\"e-n-tab-title-425989251\" class=\"e-n-tab-title\" aria-selected=\"true\" data-tab-index=\"1\" role=\"tab\" tabindex=\"0\" aria-controls=\"e-n-tab-content-425989251\" style=\"--n-tabs-title-order: 1;\">\n\t\t\t\t\t\t<span class=\"e-n-tab-title-text\">\n\t\t\t\tPublic accueilli et Modalit\u00e9s d'h\u00e9bergement\t\t\t<\/span>\n\t\t<\/button>\n\t\t\t\t<button id=\"e-n-tab-title-425989252\" data-tab-title-id=\"e-n-tab-title-425989252\" class=\"e-n-tab-title\" aria-selected=\"false\" data-tab-index=\"2\" role=\"tab\" tabindex=\"-1\" aria-controls=\"e-n-tab-content-425989252\" style=\"--n-tabs-title-order: 2;\">\n\t\t\t\t\t\t<span class=\"e-n-tab-title-text\">\n\t\t\t\tActivit\u00e9s solidaires\t\t\t<\/span>\n\t\t<\/button>\n\t\t\t\t\t<\/div>\n\t\t\t<div class=\"e-n-tabs-content\">\n\t\t\t\t<div id=\"e-n-tab-content-425989251\" role=\"tabpanel\" aria-labelledby=\"e-n-tab-title-425989251\" data-tab-index=\"1\" style=\"--n-tabs-title-order: 1;\" class=\"e-active elementor-element elementor-element-4821313 e-con-full e-flex e-con e-child\" data-id=\"4821313\" data-element_type=\"container\" data-e-type=\"container\">\n\t\t\t\t<div class=\"elementor-element elementor-element-52d6e66 elementor-widget elementor-widget-text-editor\" data-id=\"52d6e66\" data-element_type=\"widget\" data-e-type=\"widget\" data-widget_type=\"text-editor.default\">\n\t\t\t\t<div class=\"elementor-widget-container\">\n\t\t\t\t\t\t\t\t\t<p>HD31 propose un h\u00e9bergement sans limitation de dur\u00e9e \u00e0 des personnes sans domicile, majeures et sans enfants \u00e0 charge, dans le cadre d&rsquo;un habitat collaboratif conventionn\u00e9 \u00ab\u00a0Lieux \u00e0 Vivre\u00a0\u00bb.<\/p><p>HD31 dispose d&rsquo;un agr\u00e9ment de 9 places en chambres individuelles r\u00e9parties sur 2 maisons. Six mesures d&rsquo;accompagnement en ASLT viennent compl\u00e9ter cette offre <br \/>d&rsquo;h\u00e9bergement.<\/p><p><br \/>Des ateliers (bricolage, cr\u00e9ation artistique, potager) sont \u00e0 disposition de l&rsquo;ensemble des habitants.<\/p><p>Parmi eux sont nomm\u00e9s des r\u00e9f\u00e9rents maison qui soutiennent le projet d\u2019habitat collectif.<\/p><p>Les r\u00e9sidents sont amen\u00e9s \u00e0 prendre des initiatives et des responsabilit\u00e9s dans leur cadre de vie.<\/p><p>Un accompagnement social et une offre de m\u00e9diation sont propos\u00e9s visant \u00e0 garantir la mise en \u0153uvre de projets individuels et un soutien au projet collectif. <\/p><p>Pas de pr\u00e9sence de travailleur social en soir\u00e9e et les week-ends.<\/p>\t\t\t\t\t\t\t\t<\/div>\n\t\t\t\t<\/div>\n\t\t\t\t<\/div>\n\t\t<div id=\"e-n-tab-content-425989252\" role=\"tabpanel\" aria-labelledby=\"e-n-tab-title-425989252\" data-tab-index=\"2\" style=\"--n-tabs-title-order: 2;\" class=\" elementor-element elementor-element-41823f9 e-flex e-con-boxed e-con e-child\" data-id=\"41823f9\" data-element_type=\"container\" data-e-type=\"container\">\n\t\t\t\t\t<div class=\"e-con-inner\">\n\t\t\t\t<div class=\"elementor-element elementor-element-3b44420 elementor-widget elementor-widget-text-editor\" data-id=\"3b44420\" data-element_type=\"widget\" data-e-type=\"widget\" data-widget_type=\"text-editor.default\">\n\t\t\t\t<div class=\"elementor-widget-container\">\n\t\t\t\t\t\t\t\t\t<p>Les activit\u00e9s solidaires sont surtout orient\u00e9es vers l\u2019am\u00e9lioration des habitats, l\u2019entretien du lieu : jardinage, poulailler, entretien des espaces communs int\u00e9rieurs et ext\u00e9rieurs des lieux.<\/p><p>Ateliers artistiques, jardin et bricolage en gestion libre. Possibilit\u00e9 de mettre en place d\u2019autres ateliers en fonction des projets de l\u2019association et des r\u00e9sidents.<\/p><p>Il peut y avoir un projet commun sur le lieu o\u00f9 le collectif des habitants est sollicit\u00e9 pour le r\u00e9aliser, ex : construction d\u2019un abri v\u00e9lo, d\u2019un abri \u00e0 outils\u2026<\/p><p>Il est possible pour les habitants de prendre des responsabilit\u00e9s sur d\u2019autres espaces de l\u2019association voire dans l\u2019organisation de la vie associative (par exemple, participation au Conseil d\u2019Administration\u2026) devenir r\u00e9f\u00e9rent de lieu.<\/p>\t\t\t\t\t\t\t\t<\/div>\n\t\t\t\t<\/div>\n\t\t\t\t\t<\/div>\n\t\t\t\t<\/div>\n\t\t\t\t\t<\/div>\n\t\t<\/div>\n\t\t\t\t\t\t<\/div>\n\t\t\t\t<\/div>\n\t\t\t\t<div class=\"elementor-element elementor-element-36c3a93 elementor-widget elementor-widget-spacer\" data-id=\"36c3a93\" data-element_type=\"widget\" data-e-type=\"widget\" data-widget_type=\"spacer.default\">\n\t\t\t\t<div class=\"elementor-widget-container\">\n\t\t\t\t\t\t\t<div class=\"elementor-spacer\">\n\t\t\t<div class=\"elementor-spacer-inner\"><\/div>\n\t\t<\/div>\n\t\t\t\t\t\t<\/div>\n\t\t\t\t<\/div>\n\t\t\t\t<div class=\"elementor-element elementor-element-0333577 e-n-tabs-mobile elementor-widget elementor-widget-n-tabs\" data-id=\"0333577\" data-element_type=\"widget\" data-e-type=\"widget\" data-settings=\"{&quot;horizontal_scroll&quot;:&quot;disable&quot;}\" data-widget_type=\"nested-tabs.default\">\n\t\t\t\t<div class=\"elementor-widget-container\">\n\t\t\t\t\t\t\t<div class=\"e-n-tabs\" data-widget-number=\"3356023\" aria-label=\"Onglets. Ouvrez des \u00e9l\u00e9ments avec Entrer ou Espace, fermez-les avec Echape et naviguez \u00e0 l&#039;aide des touches fl\u00e9ch\u00e9es.\">\n\t\t\t<div class=\"e-n-tabs-heading\" role=\"tablist\">\n\t\t\t\t\t<button id=\"e-n-tab-title-33560231\" data-tab-title-id=\"e-n-tab-title-33560231\" class=\"e-n-tab-title\" aria-selected=\"true\" data-tab-index=\"1\" role=\"tab\" tabindex=\"0\" aria-controls=\"e-n-tab-content-33560231\" style=\"--n-tabs-title-order: 1;\">\n\t\t\t\t\t\t<span class=\"e-n-tab-title-text\">\n\t\t\t\tOrientation et admission\t\t\t<\/span>\n\t\t<\/button>\n\t\t\t\t<button id=\"e-n-tab-title-33560232\" data-tab-title-id=\"e-n-tab-title-33560232\" class=\"e-n-tab-title\" aria-selected=\"false\" data-tab-index=\"2\" role=\"tab\" tabindex=\"-1\" aria-controls=\"e-n-tab-content-33560232\" style=\"--n-tabs-title-order: 2;\">\n\t\t\t\t\t\t<span class=\"e-n-tab-title-text\">\n\t\t\t\tEquipe et accompagnement\t\t\t<\/span>\n\t\t<\/button>\n\t\t\t\t\t<\/div>\n\t\t\t<div class=\"e-n-tabs-content\">\n\t\t\t\t<div id=\"e-n-tab-content-33560231\" role=\"tabpanel\" aria-labelledby=\"e-n-tab-title-33560231\" data-tab-index=\"1\" style=\"--n-tabs-title-order: 1;\" class=\"e-active elementor-element elementor-element-604aa8c e-con-full e-flex e-con e-child\" data-id=\"604aa8c\" data-element_type=\"container\" data-e-type=\"container\">\n\t\t\t\t<div class=\"elementor-element elementor-element-63d6ae0 elementor-widget elementor-widget-text-editor\" data-id=\"63d6ae0\" data-element_type=\"widget\" data-e-type=\"widget\" data-widget_type=\"text-editor.default\">\n\t\t\t\t<div class=\"elementor-widget-container\">\n\t\t\t\t\t\t\t\t\t<p>Les personnes sont orient\u00e9es par SIAO et\/ou par des partenaires du champ m\u00e9dicosocial.<\/p><p>Lorsqu\u2019une personne veut int\u00e9grer un des Lieux \u00e0 Vivre de l\u2019association, apr\u00e8s orientation des partenaires, un premier rendez-vous est programm\u00e9 avec les travailleurs sociaux.<\/p><p>La personne expose son projet et est inform\u00e9e des modes de vie des Lieux \u00e0 Vivre et des valeurs de l\u2019association.<\/p><p>Dans un deuxi\u00e8me temps, la personne est re\u00e7ue par les r\u00e9f\u00e9rents du lieu et les travailleurs sociaux.<\/p><p>Crit\u00e8res principaux d\u2019admission : capacit\u00e9 \u00e0 vivre en collectivit\u00e9 en toute autonomie.<\/p>\t\t\t\t\t\t\t\t<\/div>\n\t\t\t\t<\/div>\n\t\t\t\t<\/div>\n\t\t<div id=\"e-n-tab-content-33560232\" role=\"tabpanel\" aria-labelledby=\"e-n-tab-title-33560232\" data-tab-index=\"2\" style=\"--n-tabs-title-order: 2;\" class=\" elementor-element elementor-element-4daae49 e-con-full e-flex e-con e-child\" data-id=\"4daae49\" data-element_type=\"container\" data-e-type=\"container\">\n\t\t\t\t<div class=\"elementor-element elementor-element-7f3daea elementor-widget elementor-widget-text-editor\" data-id=\"7f3daea\" data-element_type=\"widget\" data-e-type=\"widget\" data-widget_type=\"text-editor.default\">\n\t\t\t\t<div class=\"elementor-widget-container\">\n\t\t\t\t\t\t\t\t\t<p>0.80 ETP de professionnels :<\/p><ul><li>Deux postes de travailleurs sociaux \u00e0 temps partiel :<ul><li>Accompagnement social global individuel<\/li><li>M\u00e9diation concernant la vie en collectivit\u00e9<\/li><\/ul><\/li><li>Un poste de gestion administrative.<\/li><\/ul><p>Les membres du bureau.<\/p>\t\t\t\t\t\t\t\t<\/div>\n\t\t\t\t<\/div>\n\t\t\t\t<div class=\"elementor-element elementor-element-674d723 elementor-widget elementor-widget-spacer\" data-id=\"674d723\" data-element_type=\"widget\" data-e-type=\"widget\" data-widget_type=\"spacer.default\">\n\t\t\t\t<div class=\"elementor-widget-container\">\n\t\t\t\t\t\t\t<div class=\"elementor-spacer\">\n\t\t\t<div class=\"elementor-spacer-inner\"><\/div>\n\t\t<\/div>\n\t\t\t\t\t\t<\/div>\n\t\t\t\t<\/div>\n\t\t\t\t<\/div>\n\t\t\t\t\t<\/div>\n\t\t<\/div>\n\t\t\t\t\t\t<\/div>\n\t\t\t\t<\/div>\n\t\t\t\t<div class=\"elementor-element elementor-element-02f51d8 e-n-tabs-mobile elementor-widget elementor-widget-n-tabs\" data-id=\"02f51d8\" data-element_type=\"widget\" data-e-type=\"widget\" data-settings=\"{&quot;horizontal_scroll&quot;:&quot;disable&quot;}\" data-widget_type=\"nested-tabs.default\">\n\t\t\t\t<div class=\"elementor-widget-container\">\n\t\t\t\t\t\t\t<div class=\"e-n-tabs\" data-widget-number=\"3101144\" aria-label=\"Onglets. Ouvrez des \u00e9l\u00e9ments avec Entrer ou Espace, fermez-les avec Echape et naviguez \u00e0 l&#039;aide des touches fl\u00e9ch\u00e9es.\">\n\t\t\t<div class=\"e-n-tabs-heading\" role=\"tablist\">\n\t\t\t\t\t<button id=\"e-n-tab-title-31011441\" data-tab-title-id=\"e-n-tab-title-31011441\" class=\"e-n-tab-title\" aria-selected=\"true\" data-tab-index=\"1\" role=\"tab\" tabindex=\"0\" aria-controls=\"e-n-tab-content-31011441\" style=\"--n-tabs-title-order: 1;\">\n\t\t\t\t\t\t<span class=\"e-n-tab-title-text\">\n\t\t\t\tParticipation financi\u00e8re\t\t\t<\/span>\n\t\t<\/button>\n\t\t\t\t<button id=\"e-n-tab-title-31011442\" data-tab-title-id=\"e-n-tab-title-31011442\" class=\"e-n-tab-title\" aria-selected=\"false\" data-tab-index=\"2\" role=\"tab\" tabindex=\"-1\" aria-controls=\"e-n-tab-content-31011442\" style=\"--n-tabs-title-order: 2;\">\n\t\t\t\t\t\t<span class=\"e-n-tab-title-text\">\n\t\t\t\tDate de cr\u00e9ation\t\t\t<\/span>\n\t\t<\/button>\n\t\t\t\t\t<\/div>\n\t\t\t<div class=\"e-n-tabs-content\">\n\t\t\t\t<div id=\"e-n-tab-content-31011441\" role=\"tabpanel\" aria-labelledby=\"e-n-tab-title-31011441\" data-tab-index=\"1\" style=\"--n-tabs-title-order: 1;\" class=\"e-active elementor-element elementor-element-9b0129c e-con-full e-flex e-con e-child\" data-id=\"9b0129c\" data-element_type=\"container\" data-e-type=\"container\">\n\t\t\t\t<div class=\"elementor-element elementor-element-f0d4e6d elementor-widget elementor-widget-text-editor\" data-id=\"f0d4e6d\" data-element_type=\"widget\" data-e-type=\"widget\" data-widget_type=\"text-editor.default\">\n\t\t\t\t<div class=\"elementor-widget-container\">\n\t\t\t\t\t\t\t\t\t<p>Une cotisation d\u2019h\u00e9bergement est demand\u00e9e aux habitants de chaque maison d\u2019un montant de 120 euros par mois.<\/p>\t\t\t\t\t\t\t\t<\/div>\n\t\t\t\t<\/div>\n\t\t\t\t<\/div>\n\t\t<div id=\"e-n-tab-content-31011442\" role=\"tabpanel\" aria-labelledby=\"e-n-tab-title-31011442\" data-tab-index=\"2\" style=\"--n-tabs-title-order: 2;\" class=\" elementor-element elementor-element-1d5b898 e-flex e-con-boxed e-con e-child\" data-id=\"1d5b898\" data-element_type=\"container\" data-e-type=\"container\">\n\t\t\t\t\t<div class=\"e-con-inner\">\n\t\t<div class=\"elementor-element elementor-element-fabb8a8 e-con-full e-flex e-con e-child\" data-id=\"fabb8a8\" data-element_type=\"container\" data-e-type=\"container\">\n\t\t\t\t<div class=\"elementor-element elementor-element-c33b9bf elementor-widget elementor-widget-text-editor\" data-id=\"c33b9bf\" data-element_type=\"widget\" data-e-type=\"widget\" data-widget_type=\"text-editor.default\">\n\t\t\t\t<div class=\"elementor-widget-container\">\n\t\t\t\t\t\t\t\t\t<p>23\/04\/2014<\/p>\t\t\t\t\t\t\t\t<\/div>\n\t\t\t\t<\/div>\n\t\t\t\t<\/div>\n\t\t\t\t\t<\/div>\n\t\t\t\t<\/div>\n\t\t\t\t\t<\/div>\n\t\t<\/div>\n\t\t\t\t\t\t<\/div>\n\t\t\t\t<\/div>\n\t\t\t\t<\/div>\n\t\t\t\t\t<\/div>\n\t\t\t\t<\/div>\n\t\t<div class=\"elementor-element elementor-element-8e0a6be e-flex e-con-boxed e-con e-parent\" data-id=\"8e0a6be\" data-element_type=\"container\" data-e-type=\"container\">\n\t\t\t\t\t<div class=\"e-con-inner\">\n\t\t\t\t<div class=\"elementor-element elementor-element-5f79718 elementor-widget elementor-widget-post-info\" data-id=\"5f79718\" data-element_type=\"widget\" data-e-type=\"widget\" data-widget_type=\"post-info.default\">\n\t\t\t\t<div class=\"elementor-widget-container\">\n\t\t\t\t\t\t\t<ul class=\"elementor-inline-items elementor-icon-list-items elementor-post-info\">\n\t\t\t\t\t\t\t\t<li class=\"elementor-icon-list-item elementor-repeater-item-c8ed995 elementor-inline-item\" itemprop=\"datePublished\">\n\t\t\t\t\t\t<a href=\"https:\/\/uilv.org\/index.php\/2026\/01\/16\/\">\n\t\t\t\t\t\t\t\t\t\t\t<span class=\"elementor-icon-list-icon\">\n\t\t\t\t\t\t\t\t<i aria-hidden=\"true\" class=\"fas fa-calendar\"><\/i>\t\t\t\t\t\t\t<\/span>\n\t\t\t\t\t\t\t\t\t<span class=\"elementor-icon-list-text elementor-post-info__item elementor-post-info__item--type-date\">\n\t\t\t\t\t\t\t\t\t\t<time>janvier 16, 2026<\/time>\t\t\t\t\t<\/span>\n\t\t\t\t\t\t\t\t\t<\/a>\n\t\t\t\t<\/li>\n\t\t\t\t<\/ul>\n\t\t\t\t\t\t<\/div>\n\t\t\t\t<\/div>\n\t\t\t\t\t<\/div>\n\t\t\t\t<\/div>\n\t\t\t\t<\/div>\n\t\t","protected":false},"excerpt":{"rendered":"<p>Habitat Diff\u00e9rent 31 (HD31) 86 route de Bayonne 31300 Toulouse 06 29 26 55 19\u00a0 06 22 52 26 16 contact.hd.31@gmail.com Public accueilli et Modalit\u00e9s d&rsquo;h\u00e9bergement Activit\u00e9s solidaires HD31 propose [&hellip;]<\/p>\n","protected":false},"author":3,"featured_media":0,"parent":0,"menu_order":0,"comment_status":"closed","ping_status":"closed","template":"","meta":{"footnotes":""},"class_list":["post-5635","page","type-page","status-publish","hentry"],"_links":{"self":[{"href":"https:\/\/uilv.org\/index.php\/wp-json\/wp\/v2\/pages\/5635","targetHints":{"allow":["GET"]}}],"collection":[{"href":"https:\/\/uilv.org\/index.php\/wp-json\/wp\/v2\/pages"}],"about":[{"href":"https:\/\/uilv.org\/index.php\/wp-json\/wp\/v2\/types\/page"}],"author":[{"embeddable":true,"href":"https:\/\/uilv.org\/index.php\/wp-json\/wp\/v2\/users\/3"}],"replies":[{"embeddable":true,"href":"https:\/\/uilv.org\/index.php\/wp-json\/wp\/v2\/comments?post=5635"}],"version-history":[{"count":43,"href":"https:\/\/uilv.org\/index.php\/wp-json\/wp\/v2\/pages\/5635\/revisions"}],"predecessor-version":[{"id":5707,"href":"https:\/\/uilv.org\/index.php\/wp-json\/wp\/v2\/pages\/5635\/revisions\/5707"}],"wp:attachment":[{"href":"https:\/\/uilv.org\/index.php\/wp-json\/wp\/v2\/media?parent=5635"}],"curies":[{"name":"wp","href":"https:\/\/api.w.org\/{rel}","templated":true}]}}