{"id":575,"date":"2025-09-07T15:17:35","date_gmt":"2025-09-07T13:17:35","guid":{"rendered":"https:\/\/uilv.org\/?page_id=575"},"modified":"2025-11-06T16:57:51","modified_gmt":"2025-11-06T15:57:51","slug":"gaf","status":"publish","type":"page","link":"https:\/\/uilv.org\/index.php\/gaf\/","title":{"rendered":"LAV_GAF"},"content":{"rendered":"\t\t<div data-elementor-type=\"wp-page\" data-elementor-id=\"575\" class=\"elementor elementor-575\" data-elementor-post-type=\"page\">\n\t\t\t\t<div class=\"elementor-element elementor-element-15978ca e-flex e-con-boxed e-con e-parent\" data-id=\"15978ca\" data-element_type=\"container\" data-e-type=\"container\">\n\t\t\t\t\t<div class=\"e-con-inner\">\n\t\t\t\t<div class=\"elementor-element elementor-element-dad51ba elementor-widget elementor-widget-spacer\" data-id=\"dad51ba\" data-element_type=\"widget\" data-e-type=\"widget\" data-widget_type=\"spacer.default\">\n\t\t\t\t<div class=\"elementor-widget-container\">\n\t\t\t\t\t\t\t<div class=\"elementor-spacer\">\n\t\t\t<div class=\"elementor-spacer-inner\"><\/div>\n\t\t<\/div>\n\t\t\t\t\t\t<\/div>\n\t\t\t\t<\/div>\n\t\t\t\t\t<\/div>\n\t\t\t\t<\/div>\n\t\t<div class=\"elementor-element elementor-element-011eb44 e-flex e-con-boxed e-con e-parent\" data-id=\"011eb44\" data-element_type=\"container\" data-e-type=\"container\">\n\t\t\t\t\t<div class=\"e-con-inner\">\n\t\t<div class=\"elementor-element elementor-element-4888e81 e-con-full e-flex e-con e-child\" data-id=\"4888e81\" data-element_type=\"container\" data-e-type=\"container\">\n\t\t\t\t<div class=\"elementor-element elementor-element-b6ffcdd elementor-widget elementor-widget-image\" data-id=\"b6ffcdd\" data-element_type=\"widget\" data-e-type=\"widget\" data-widget_type=\"image.default\">\n\t\t\t\t<div class=\"elementor-widget-container\">\n\t\t\t\t\t\t\t\t\t\t\t\t\t\t\t<img fetchpriority=\"high\" decoding=\"async\" width=\"388\" height=\"165\" src=\"https:\/\/uilv.org\/wp-content\/uploads\/2025\/11\/logo-Naubalette-75.png\" class=\"attachment-full size-full wp-image-5317\" alt=\"\" srcset=\"https:\/\/uilv.org\/wp-content\/uploads\/2025\/11\/logo-Naubalette-75.png 388w, https:\/\/uilv.org\/wp-content\/uploads\/2025\/11\/logo-Naubalette-75-300x128.png 300w\" sizes=\"(max-width: 388px) 100vw, 388px\" \/>\t\t\t\t\t\t\t\t\t\t\t\t\t\t\t<\/div>\n\t\t\t\t<\/div>\n\t\t\t\t<div class=\"elementor-element elementor-element-e96cd35 elementor-widget elementor-widget-heading\" data-id=\"e96cd35\" data-element_type=\"widget\" data-e-type=\"widget\" data-widget_type=\"heading.default\">\n\t\t\t\t<div class=\"elementor-widget-container\">\n\t\t\t\t\t<h2 class=\"elementor-heading-title elementor-size-default\">Groupe Amiti\u00e9 Fraternit\u00e9 (GAF)<\/h2>\t\t\t\t<\/div>\n\t\t\t\t<\/div>\n\t\t\t\t<div class=\"elementor-element elementor-element-150b57f elementor-widget elementor-widget-text-editor\" data-id=\"150b57f\" data-element_type=\"widget\" data-e-type=\"widget\" data-widget_type=\"text-editor.default\">\n\t\t\t\t<div class=\"elementor-widget-container\">\n\t\t\t\t\t\t\t\t\t<p>62 bis, route de Blagnac<\/p><p>31200 Toulouse\u00a0<\/p>\t\t\t\t\t\t\t\t<\/div>\n\t\t\t\t<\/div>\n\t\t<div class=\"elementor-element elementor-element-c7ef6b9 e-con-full e-flex e-con e-child\" data-id=\"c7ef6b9\" data-element_type=\"container\" data-e-type=\"container\">\n\t\t\t\t<div class=\"elementor-element elementor-element-c448819 elementor-widget elementor-widget-google_maps\" data-id=\"c448819\" data-element_type=\"widget\" data-e-type=\"widget\" data-widget_type=\"google_maps.default\">\n\t\t\t\t<div class=\"elementor-widget-container\">\n\t\t\t\t\t\t\t<div class=\"elementor-custom-embed\">\n\t\t\t<iframe loading=\"lazy\"\n\t\t\t\t\tsrc=\"https:\/\/maps.google.com\/maps?q=GAF%2062%20bis%20route%20de%20Blagnac%2031200%20Toulouse&#038;t=m&#038;z=10&#038;output=embed&#038;iwloc=near\"\n\t\t\t\t\ttitle=\"GAF 62 bis route de Blagnac 31200 Toulouse\"\n\t\t\t\t\taria-label=\"GAF 62 bis route de Blagnac 31200 Toulouse\"\n\t\t\t><\/iframe>\n\t\t<\/div>\n\t\t\t\t\t\t<\/div>\n\t\t\t\t<\/div>\n\t\t\t\t<\/div>\n\t\t<div class=\"elementor-element elementor-element-6810bfa e-con-full e-flex e-con e-child\" data-id=\"6810bfa\" data-element_type=\"container\" data-e-type=\"container\">\n\t\t\t\t<div class=\"elementor-element elementor-element-0db7190 elementor-widget elementor-widget-text-editor\" data-id=\"0db7190\" data-element_type=\"widget\" data-e-type=\"widget\" data-widget_type=\"text-editor.default\">\n\t\t\t\t<div class=\"elementor-widget-container\">\n\t\t\t\t\t\t\t\t\t<p><img decoding=\"async\" class=\"size-full wp-image-4807 alignleft\" src=\"https:\/\/uilv.org\/wp-content\/uploads\/2025\/09\/Tel.png\" alt=\"\" width=\"33\" height=\"25\" \/>05 62 72 86 14<\/p>\t\t\t\t\t\t\t\t<\/div>\n\t\t\t\t<\/div>\n\t\t\t\t<div class=\"elementor-element elementor-element-3941504 elementor-widget elementor-widget-text-editor\" data-id=\"3941504\" data-element_type=\"widget\" data-e-type=\"widget\" data-widget_type=\"text-editor.default\">\n\t\t\t\t<div class=\"elementor-widget-container\">\n\t\t\t\t\t\t\t\t\t<p><img decoding=\"async\" class=\"size-full wp-image-4806 alignleft\" src=\"https:\/\/uilv.org\/wp-content\/uploads\/2025\/09\/mail.png\" alt=\"\" width=\"33\" height=\"23\" \/>groupe-amitie-fraternite@orange.fr<\/p>\t\t\t\t\t\t\t\t<\/div>\n\t\t\t\t<\/div>\n\t\t\t\t<\/div>\n\t\t\t\t<div class=\"elementor-element elementor-element-36b4e07 elementor-absolute elementor-widget elementor-widget-image\" data-id=\"36b4e07\" data-element_type=\"widget\" data-e-type=\"widget\" data-settings=\"{&quot;_position&quot;:&quot;absolute&quot;}\" data-widget_type=\"image.default\">\n\t\t\t\t<div class=\"elementor-widget-container\">\n\t\t\t\t\t\t\t\t\t\t\t\t\t\t\t<img loading=\"lazy\" decoding=\"async\" width=\"60\" height=\"62\" src=\"https:\/\/uilv.org\/wp-content\/uploads\/2025\/10\/oacas-tt-petit-sans-arriere-plan.png\" class=\"attachment-large size-large wp-image-5195\" alt=\"\" \/>\t\t\t\t\t\t\t\t\t\t\t\t\t\t\t<\/div>\n\t\t\t\t<\/div>\n\t\t\t\t<\/div>\n\t\t<div class=\"elementor-element elementor-element-e35b9b5 e-con-full e-flex e-con e-child\" data-id=\"e35b9b5\" data-element_type=\"container\" data-e-type=\"container\">\n\t\t\t\t<div class=\"elementor-element elementor-element-28a020d e-n-tabs-mobile elementor-widget elementor-widget-n-tabs\" data-id=\"28a020d\" data-element_type=\"widget\" data-e-type=\"widget\" data-settings=\"{&quot;horizontal_scroll&quot;:&quot;disable&quot;}\" data-widget_type=\"nested-tabs.default\">\n\t\t\t\t<div class=\"elementor-widget-container\">\n\t\t\t\t\t\t\t<div class=\"e-n-tabs\" data-widget-number=\"42598925\" aria-label=\"Onglets. Ouvrez des \u00e9l\u00e9ments avec Entrer ou Espace, fermez-les avec Echape et naviguez \u00e0 l&#039;aide des touches fl\u00e9ch\u00e9es.\">\n\t\t\t<div class=\"e-n-tabs-heading\" role=\"tablist\">\n\t\t\t\t\t<button id=\"e-n-tab-title-425989251\" data-tab-title-id=\"e-n-tab-title-425989251\" class=\"e-n-tab-title\" aria-selected=\"true\" data-tab-index=\"1\" role=\"tab\" tabindex=\"0\" aria-controls=\"e-n-tab-content-425989251\" style=\"--n-tabs-title-order: 1;\">\n\t\t\t\t\t\t<span class=\"e-n-tab-title-text\">\n\t\t\t\tModalit\u00e9s d'h\u00e9bergement\t\t\t<\/span>\n\t\t<\/button>\n\t\t\t\t<button id=\"e-n-tab-title-425989252\" data-tab-title-id=\"e-n-tab-title-425989252\" class=\"e-n-tab-title\" aria-selected=\"false\" data-tab-index=\"2\" role=\"tab\" tabindex=\"-1\" aria-controls=\"e-n-tab-content-425989252\" style=\"--n-tabs-title-order: 2;\">\n\t\t\t\t\t\t<span class=\"e-n-tab-title-text\">\n\t\t\t\tAccueil\t\t\t<\/span>\n\t\t<\/button>\n\t\t\t\t<button id=\"e-n-tab-title-425989253\" data-tab-title-id=\"e-n-tab-title-425989253\" class=\"e-n-tab-title\" aria-selected=\"false\" data-tab-index=\"3\" role=\"tab\" tabindex=\"-1\" aria-controls=\"e-n-tab-content-425989253\" style=\"--n-tabs-title-order: 3;\">\n\t\t\t\t\t\t<span class=\"e-n-tab-title-text\">\n\t\t\t\tL'\u00e9quipe\t\t\t<\/span>\n\t\t<\/button>\n\t\t\t\t<button id=\"e-n-tab-title-425989254\" data-tab-title-id=\"e-n-tab-title-425989254\" class=\"e-n-tab-title\" aria-selected=\"false\" data-tab-index=\"4\" role=\"tab\" tabindex=\"-1\" aria-controls=\"e-n-tab-content-425989254\" style=\"--n-tabs-title-order: 4;\">\n\t\t\t\t\t\t<span class=\"e-n-tab-title-text\">\n\t\t\t\tActivit\u00e9s solidaires\t\t\t<\/span>\n\t\t<\/button>\n\t\t\t\t\t<\/div>\n\t\t\t<div class=\"e-n-tabs-content\">\n\t\t\t\t<div id=\"e-n-tab-content-425989251\" role=\"tabpanel\" aria-labelledby=\"e-n-tab-title-425989251\" data-tab-index=\"1\" style=\"--n-tabs-title-order: 1;\" class=\"e-active elementor-element elementor-element-4821313 e-con-full e-flex e-con e-child\" data-id=\"4821313\" data-element_type=\"container\" data-e-type=\"container\">\n\t\t\t\t<div class=\"elementor-element elementor-element-52d6e66 elementor-widget elementor-widget-text-editor\" data-id=\"52d6e66\" data-element_type=\"widget\" data-e-type=\"widget\" data-widget_type=\"text-editor.default\">\n\t\t\t\t<div class=\"elementor-widget-container\">\n\t\t\t\t\t\t\t\t\t<p><span style=\"color: #071d3b;\">Le p\u00f4le LIEUX \u00c0 VIVRE de l&rsquo;association GROUPE AMITI\u00c9 FRATERNIT\u00c9 (GAF), comporte 4 sites, avec une capacit\u00e9 maximale d&rsquo;accueil sur les trois sites de 33 personnes r\u00e9parties comme suit :\u00a0 <\/span><\/p><ul><li style=\"list-style-type: none;\"><ul><li><span style=\"color: #071d3b;\">La maison de Naubalette situ\u00e9e 11 Impasse de Naubalette 31 200 Toulouse (Quartier Sesqui\u00e8res). La maison est compos\u00e9e de huit chambres en plus d\u2019espaces commun. A ces places, j\u2019ajoute deux caravanes. Soit 10 places<\/span><\/li><li><span style=\"color: #071d3b;\" data-contrast=\"auto\"> Le b\u00e2timent Sept Deniers situ\u00e9 62 bis route de Blagnac 31 200 Toulouse (Quartier Sept Deniers). Dans ce b\u00e2timent, il y a six appartements. Soit 6 places<\/span><\/li><li><span style=\"color: #071d3b;\" data-contrast=\"auto\"> Le Terrain Saint Martin situ\u00e9 38 rue Sentenac 31 300 Toulouse (Quartier Saint martin du Touch). Cet espace est compos\u00e9 de huit emplacements camions\/caravanes dont quatre avec en plus un chalet. Soit 8 places<\/span><\/li><li><span style=\"color: #071d3b;\"> Le Hameau Toulousain situ\u00e9 2 Av. Edouard Serres, 31770 Colomiers. Ce lieu regroupe huit tentes \u00e9quip\u00e9es. Soit 8 places.<\/span><\/li><\/ul><\/li><\/ul>\t\t\t\t\t\t\t\t<\/div>\n\t\t\t\t<\/div>\n\t\t\t\t<\/div>\n\t\t<div id=\"e-n-tab-content-425989252\" role=\"tabpanel\" aria-labelledby=\"e-n-tab-title-425989252\" data-tab-index=\"2\" style=\"--n-tabs-title-order: 2;\" class=\" elementor-element elementor-element-cf2e25a e-con-full e-flex e-con e-child\" data-id=\"cf2e25a\" data-element_type=\"container\" data-e-type=\"container\">\n\t\t\t\t<div class=\"elementor-element elementor-element-73d7b1d elementor-widget elementor-widget-text-editor\" data-id=\"73d7b1d\" data-element_type=\"widget\" data-e-type=\"widget\" data-widget_type=\"text-editor.default\">\n\t\t\t\t<div class=\"elementor-widget-container\">\n\t\t\t\t\t\t\t\t\t<p><span style=\"color: #071d3b;\">Lorsqu&rsquo;une personne veut int\u00e9grer un des lieux \u00e0 vivre de l&rsquo;association, un premier rendez-vous est programm\u00e9. Le candidat expose son projet et est inform\u00e9 des modes de vie des Lieux \u00e0 Vivre et des valeurs de l&rsquo;association. \u00a0<\/span><\/p><p><span style=\"color: #071d3b;\">La personne re\u00e7oit une r\u00e9ponse en fonction de l&rsquo;\u00e9change apr\u00e8s le premier entretien (entre le coordinateur et le secr\u00e9taire g\u00e9n\u00e9ral) et des retours des habitants.\u00a0\u00a0<\/span><\/p>\t\t\t\t\t\t\t\t<\/div>\n\t\t\t\t<\/div>\n\t\t\t\t<\/div>\n\t\t<div id=\"e-n-tab-content-425989253\" role=\"tabpanel\" aria-labelledby=\"e-n-tab-title-425989253\" data-tab-index=\"3\" style=\"--n-tabs-title-order: 3;\" class=\" elementor-element elementor-element-f037ba9 e-con-full e-flex e-con e-child\" data-id=\"f037ba9\" data-element_type=\"container\" data-e-type=\"container\">\n\t\t\t\t<div class=\"elementor-element elementor-element-7a9d93f elementor-widget elementor-widget-text-editor\" data-id=\"7a9d93f\" data-element_type=\"widget\" data-e-type=\"widget\" data-widget_type=\"text-editor.default\">\n\t\t\t\t<div class=\"elementor-widget-container\">\n\t\t\t\t\t\t\t\t\t<p><span style=\"color: #071d3b;\">Sur chaque site, il y a un r\u00e9f\u00e8rent habitant qui a une fonction de garant du quotidien.\u00a0<\/span><\/p><p><span style=\"color: #071d3b;\">Par la suite, il y a une \u00e9quipe de salari\u00e9e\/prestataires sur certains lieux\u202f:\u00a0\u00a0<\/span><\/p><ul><li style=\"list-style-type: none;\"><ul><li><span style=\"color: #071d3b;\" data-contrast=\"auto\"> Un coordinateur des lieux \u00e0 vivre pour l\u2019ensemble des sites\u00a0<\/span><\/li><li><span style=\"color: #071d3b;\"> Deux travailleurs issus de la rue sur le Hameau \u00e0 20 heures par semaine chacun, comme gestionnaires du quotidien.<\/span><\/li><li><span style=\"color: #071d3b;\"> Une prestataire de service (travailleuse sociale) sur le Hameau pour accompagner les habitants dans leurs d\u00e9marches (sant\u00e9, administratif, social, logement, emploi etc.)<\/span><\/li><li><span style=\"color: #071d3b;\" data-contrast=\"auto\"> Un psychologue intervenant sur les lieux \u00e0 vivre, et particuli\u00e8rement sur Naubalette.<\/span><\/li><\/ul><\/li><\/ul><p><span style=\"color: #071d3b;\">Ne pas oublier aussi, la pr\u00e9sence de b\u00e9n\u00e9voles dans le quotidien sur des t\u00e2ches pr\u00e9cises.\u00a0<\/span><\/p>\t\t\t\t\t\t\t\t<\/div>\n\t\t\t\t<\/div>\n\t\t\t\t<\/div>\n\t\t<div id=\"e-n-tab-content-425989254\" role=\"tabpanel\" aria-labelledby=\"e-n-tab-title-425989254\" data-tab-index=\"4\" style=\"--n-tabs-title-order: 4;\" class=\" elementor-element elementor-element-41823f9 e-flex e-con-boxed e-con e-child\" data-id=\"41823f9\" data-element_type=\"container\" data-e-type=\"container\">\n\t\t\t\t\t<div class=\"e-con-inner\">\n\t\t\t\t<div class=\"elementor-element elementor-element-3b44420 elementor-widget elementor-widget-text-editor\" data-id=\"3b44420\" data-element_type=\"widget\" data-e-type=\"widget\" data-widget_type=\"text-editor.default\">\n\t\t\t\t<div class=\"elementor-widget-container\">\n\t\t\t\t\t\t\t\t\t<p><span style=\"color: #071d3b;\">Les activit\u00e9s solidaires sont surtout orient\u00e9es vers l\u2019am\u00e9lioration des habitats, l\u2019entretien du lieu\u202f: jardinage, petit \u00e9levage, entretien des espaces communs int\u00e9rieurs et ext\u00e9rieurs des lieux.\u00a0\u00a0<\/span><\/p><p><span style=\"color: #071d3b;\">Cependant, il peut y avoir un projet commun sur le lieu o\u00f9 le collectif des habitants est sollicit\u00e9 pour le r\u00e9aliser, ex\u202f: construction d\u2019un abri v\u00e9lo, d\u2019un abri \u00e0 outils\u2026\u00a0<\/span><\/p><p><span style=\"color: #071d3b;\">De temps en temps, est organis\u00e9 un repas collectif pour remercier les donateurs, les b\u00e9n\u00e9voles, les partenaires officiels et enfin le voisinage.\u00a0<\/span><\/p><p><span style=\"color: #071d3b;\">Il est possible pour les habitants de prendre des responsabilit\u00e9s sur d\u2019autres espaces de l\u2019association ou encore sur des postes au sein de l\u2019ACI (Atelier et Chantier d\u2019Insertion) voire dans l\u2019organisation de la vie associative (par exemple, participation au Conseil d\u2019Administration en tant que r\u00e9f\u00e9rent de lieu).\u00a0<\/span><\/p>\t\t\t\t\t\t\t\t<\/div>\n\t\t\t\t<\/div>\n\t\t\t\t\t<\/div>\n\t\t\t\t<\/div>\n\t\t\t\t\t<\/div>\n\t\t<\/div>\n\t\t\t\t\t\t<\/div>\n\t\t\t\t<\/div>\n\t\t\t\t<div class=\"elementor-element elementor-element-36c3a93 elementor-widget elementor-widget-spacer\" data-id=\"36c3a93\" data-element_type=\"widget\" data-e-type=\"widget\" data-widget_type=\"spacer.default\">\n\t\t\t\t<div class=\"elementor-widget-container\">\n\t\t\t\t\t\t\t<div class=\"elementor-spacer\">\n\t\t\t<div class=\"elementor-spacer-inner\"><\/div>\n\t\t<\/div>\n\t\t\t\t\t\t<\/div>\n\t\t\t\t<\/div>\n\t\t\t\t<div class=\"elementor-element elementor-element-0333577 e-n-tabs-mobile elementor-widget elementor-widget-n-tabs\" data-id=\"0333577\" data-element_type=\"widget\" data-e-type=\"widget\" data-settings=\"{&quot;horizontal_scroll&quot;:&quot;disable&quot;}\" data-widget_type=\"nested-tabs.default\">\n\t\t\t\t<div class=\"elementor-widget-container\">\n\t\t\t\t\t\t\t<div class=\"e-n-tabs\" data-widget-number=\"3356023\" aria-label=\"Onglets. Ouvrez des \u00e9l\u00e9ments avec Entrer ou Espace, fermez-les avec Echape et naviguez \u00e0 l&#039;aide des touches fl\u00e9ch\u00e9es.\">\n\t\t\t<div class=\"e-n-tabs-heading\" role=\"tablist\">\n\t\t\t\t\t<button id=\"e-n-tab-title-33560231\" data-tab-title-id=\"e-n-tab-title-33560231\" class=\"e-n-tab-title\" aria-selected=\"true\" data-tab-index=\"1\" role=\"tab\" tabindex=\"0\" aria-controls=\"e-n-tab-content-33560231\" style=\"--n-tabs-title-order: 1;\">\n\t\t\t\t\t\t<span class=\"e-n-tab-title-text\">\n\t\t\t\tAccompagnement\t\t\t<\/span>\n\t\t<\/button>\n\t\t\t\t<button id=\"e-n-tab-title-33560232\" data-tab-title-id=\"e-n-tab-title-33560232\" class=\"e-n-tab-title\" aria-selected=\"false\" data-tab-index=\"2\" role=\"tab\" tabindex=\"-1\" aria-controls=\"e-n-tab-content-33560232\" style=\"--n-tabs-title-order: 2;\">\n\t\t\t\t\t\t<span class=\"e-n-tab-title-text\">\n\t\t\t\tPublic Accueilli\t\t\t<\/span>\n\t\t<\/button>\n\t\t\t\t<button id=\"e-n-tab-title-33560233\" data-tab-title-id=\"e-n-tab-title-33560233\" class=\"e-n-tab-title\" aria-selected=\"false\" data-tab-index=\"3\" role=\"tab\" tabindex=\"-1\" aria-controls=\"e-n-tab-content-33560233\" style=\"--n-tabs-title-order: 3;\">\n\t\t\t\t\t\t<span class=\"e-n-tab-title-text\">\n\t\t\t\tParticipation des personnes h\u00e9berg\u00e9es\t\t\t<\/span>\n\t\t<\/button>\n\t\t\t\t\t<\/div>\n\t\t\t<div class=\"e-n-tabs-content\">\n\t\t\t\t<div id=\"e-n-tab-content-33560231\" role=\"tabpanel\" aria-labelledby=\"e-n-tab-title-33560231\" data-tab-index=\"1\" style=\"--n-tabs-title-order: 1;\" class=\"e-active elementor-element elementor-element-604aa8c e-con-full e-flex e-con e-child\" data-id=\"604aa8c\" data-element_type=\"container\" data-e-type=\"container\">\n\t\t\t\t<div class=\"elementor-element elementor-element-63d6ae0 elementor-widget elementor-widget-text-editor\" data-id=\"63d6ae0\" data-element_type=\"widget\" data-e-type=\"widget\" data-widget_type=\"text-editor.default\">\n\t\t\t\t<div class=\"elementor-widget-container\">\n\t\t\t\t\t\t\t\t\t<p><span style=\"color: #071d3b;\">Il se concr\u00e9tise \u00e0 partir de l&rsquo;\u00e9thique et des statuts de l&rsquo;association \u00ab permettre aux personnes de la rue de r\u00e9aliser leur projet en dialogue avec d&rsquo;autres personnes \u00bb. Afin de permettre l&rsquo;aboutissement du projet, trois instances sont mises \u00e0 disposition de la personne accueillie :\u00a0 <\/span><\/p><ul><li style=\"list-style-type: none;\"><ul><li><span style=\"color: #071d3b;\">La Cellule Projet, toute personne ayant une volont\u00e9 de cr\u00e9er une action au sein de l\u2019association. Elle sera accompagn\u00e9e dans sa r\u00e9alisation par la cellule compos\u00e9e de deux b\u00e9n\u00e9voles de l\u2019association<\/span><\/li><li><span style=\"color: #071d3b;\">Une r\u00e9union de lieu est organis\u00e9e chaque mois avec les habitants et le coordinateur<\/span><\/li><li><span style=\"color: #071d3b;\">Un accompagnement individuel r\u00e9guli\u00e8rement, en fonction des besoins de chacun.<\/span><\/li><\/ul><\/li><\/ul>\t\t\t\t\t\t\t\t<\/div>\n\t\t\t\t<\/div>\n\t\t\t\t<\/div>\n\t\t<div id=\"e-n-tab-content-33560232\" role=\"tabpanel\" aria-labelledby=\"e-n-tab-title-33560232\" data-tab-index=\"2\" style=\"--n-tabs-title-order: 2;\" class=\" elementor-element elementor-element-4daae49 e-con-full e-flex e-con e-child\" data-id=\"4daae49\" data-element_type=\"container\" data-e-type=\"container\">\n\t\t\t\t<div class=\"elementor-element elementor-element-7f3daea elementor-widget elementor-widget-text-editor\" data-id=\"7f3daea\" data-element_type=\"widget\" data-e-type=\"widget\" data-widget_type=\"text-editor.default\">\n\t\t\t\t<div class=\"elementor-widget-container\">\n\t\t\t\t\t\t\t\t\t<p><span style=\"color: #071d3b;\"><span class=\"TextRun SCXW146255860 BCX8\" lang=\"FR-FR\" xml:lang=\"FR-FR\" data-contrast=\"auto\"><span class=\"NormalTextRun SCXW146255860 BCX8\">Le public accueilli est compos\u00e9 de personnes vivant \u00e0 la rue, hommes et femmes. Les 4 sites acceptent les animaux (chiens, chats, etc.). Le public accueilli doit <\/span><span class=\"NormalTextRun SCXW146255860 BCX8\">\u00eatre majeur<\/span><span class=\"NormalTextRun SCXW146255860 BCX8\">. Il peut venir de plusieurs groupes identifi\u00e9s dans la rue (squat, camp, etc.) ou isol\u00e9 (rue, habitat pr\u00e9caire, etc.) par l\u2019\u00e9quipe rue du <\/span><\/span><span class=\"TextRun Highlight SCXW146255860 BCX8\" lang=\"FR-FR\" xml:lang=\"FR-FR\" data-contrast=\"auto\"><span class=\"NormalTextRun SCXW146255860 BCX8\">GAF<\/span><\/span><span class=\"TextRun SCXW146255860 BCX8\" lang=\"FR-FR\" xml:lang=\"FR-FR\" data-contrast=\"auto\"><span class=\"NormalTextRun SCXW146255860 BCX8\">, l\u2019accueil de jour, les membres de l\u2019association et certains partenaires. Le crit\u00e8re important est d\u2019accepter une vie communautaire et responsable.<\/span><\/span><span class=\"EOP SCXW146255860 BCX8\" data-ccp-props=\"{}\">\u00a0<\/span><\/span><\/p>\t\t\t\t\t\t\t\t<\/div>\n\t\t\t\t<\/div>\n\t\t\t\t<\/div>\n\t\t<div id=\"e-n-tab-content-33560233\" role=\"tabpanel\" aria-labelledby=\"e-n-tab-title-33560233\" data-tab-index=\"3\" style=\"--n-tabs-title-order: 3;\" class=\" elementor-element elementor-element-740d2c8 e-con-full e-flex e-con e-child\" data-id=\"740d2c8\" data-element_type=\"container\" data-e-type=\"container\">\n\t\t\t\t<div class=\"elementor-element elementor-element-32cc847 elementor-widget elementor-widget-text-editor\" data-id=\"32cc847\" data-element_type=\"widget\" data-e-type=\"widget\" data-widget_type=\"text-editor.default\">\n\t\t\t\t<div class=\"elementor-widget-container\">\n\t\t\t\t\t\t\t\t\t<p><span style=\"color: #071d3b;\">Une cotisation financi\u00e8re est demand\u00e9e chaque mois. Elle est fix\u00e9e en fonction du lieu habit\u00e9\u202f, une base est fix\u00e9e pour chaque lieu\u202f:\u00a0\u00a0<\/span><\/p><ul><li style=\"list-style-type: none;\"><ul><li data-leveltext=\"\uf0b7\" data-font=\"Symbol\" data-listid=\"1\" data-list-defn-props=\"{&quot;335552541&quot;:1,&quot;335559685&quot;:720,&quot;335559991&quot;:360,&quot;469769226&quot;:&quot;Symbol&quot;,&quot;469769242&quot;:[8226],&quot;469777803&quot;:&quot;left&quot;,&quot;469777804&quot;:&quot;\uf0b7&quot;,&quot;469777815&quot;:&quot;hybridMultilevel&quot;}\" aria-setsize=\"-1\" data-aria-posinset=\"1\" data-aria-level=\"1\"><span style=\"color: #071d3b;\">Naubalette = 155 \u20ac\u00a0<\/span><\/li><\/ul><\/li><\/ul><ul><li style=\"list-style-type: none;\"><ul><li data-leveltext=\"\uf0b7\" data-font=\"Symbol\" data-listid=\"1\" data-list-defn-props=\"{&quot;335552541&quot;:1,&quot;335559685&quot;:720,&quot;335559991&quot;:360,&quot;469769226&quot;:&quot;Symbol&quot;,&quot;469769242&quot;:[8226],&quot;469777803&quot;:&quot;left&quot;,&quot;469777804&quot;:&quot;\uf0b7&quot;,&quot;469777815&quot;:&quot;hybridMultilevel&quot;}\" aria-setsize=\"-1\" data-aria-posinset=\"2\" data-aria-level=\"1\"><span style=\"color: #071d3b;\">7 Deniers = 70 \u20ac\u00a0<\/span><\/li><\/ul><\/li><\/ul><ul><li style=\"list-style-type: none;\"><ul><li data-leveltext=\"\uf0b7\" data-font=\"Symbol\" data-listid=\"1\" data-list-defn-props=\"{&quot;335552541&quot;:1,&quot;335559685&quot;:720,&quot;335559991&quot;:360,&quot;469769226&quot;:&quot;Symbol&quot;,&quot;469769242&quot;:[8226],&quot;469777803&quot;:&quot;left&quot;,&quot;469777804&quot;:&quot;\uf0b7&quot;,&quot;469777815&quot;:&quot;hybridMultilevel&quot;}\" aria-setsize=\"-1\" data-aria-posinset=\"3\" data-aria-level=\"1\"><span style=\"color: #071d3b;\">Hameau = 60 \u20ac\u00a0<\/span><\/li><\/ul><\/li><\/ul><ul><li style=\"list-style-type: none;\"><ul><li data-leveltext=\"\uf0b7\" data-font=\"Symbol\" data-listid=\"1\" data-list-defn-props=\"{&quot;335552541&quot;:1,&quot;335559685&quot;:720,&quot;335559991&quot;:360,&quot;469769226&quot;:&quot;Symbol&quot;,&quot;469769242&quot;:[8226],&quot;469777803&quot;:&quot;left&quot;,&quot;469777804&quot;:&quot;\uf0b7&quot;,&quot;469777815&quot;:&quot;hybridMultilevel&quot;}\" aria-setsize=\"-1\" data-aria-posinset=\"4\" data-aria-level=\"1\"><span style=\"color: #071d3b;\">Terrain = 50 \u20ac.\u00a0 <\/span><\/li><\/ul><\/li><\/ul><p>Pour Naubalette et les 7 Deniers, cette base est major\u00e9e en fonction des ressources de la personne (+10 % des revenus au-dessus du RSA) .<\/p>\t\t\t\t\t\t\t\t<\/div>\n\t\t\t\t<\/div>\n\t\t\t\t<\/div>\n\t\t\t\t\t<\/div>\n\t\t<\/div>\n\t\t\t\t\t\t<\/div>\n\t\t\t\t<\/div>\n\t\t\t\t<\/div>\n\t\t\t\t\t<\/div>\n\t\t\t\t<\/div>\n\t\t\t\t<\/div>\n\t\t","protected":false},"excerpt":{"rendered":"<p>Groupe Amiti\u00e9 Fraternit\u00e9 (GAF) 62 bis, route de Blagnac 31200 Toulouse 05 62 72 86 14 groupe-amitie-fraternite@orange.fr Modalit\u00e9s d&rsquo;h\u00e9bergement Accueil L&rsquo;\u00e9quipe Activit\u00e9s solidaires Le p\u00f4le LIEUX \u00c0 VIVRE de l\u2019association [&hellip;]<\/p>\n","protected":false},"author":2,"featured_media":0,"parent":0,"menu_order":0,"comment_status":"closed","ping_status":"closed","template":"","meta":{"footnotes":""},"class_list":["post-575","page","type-page","status-publish","hentry"],"_links":{"self":[{"href":"https:\/\/uilv.org\/index.php\/wp-json\/wp\/v2\/pages\/575","targetHints":{"allow":["GET"]}}],"collection":[{"href":"https:\/\/uilv.org\/index.php\/wp-json\/wp\/v2\/pages"}],"about":[{"href":"https:\/\/uilv.org\/index.php\/wp-json\/wp\/v2\/types\/page"}],"author":[{"embeddable":true,"href":"https:\/\/uilv.org\/index.php\/wp-json\/wp\/v2\/users\/2"}],"replies":[{"embeddable":true,"href":"https:\/\/uilv.org\/index.php\/wp-json\/wp\/v2\/comments?post=575"}],"version-history":[{"count":131,"href":"https:\/\/uilv.org\/index.php\/wp-json\/wp\/v2\/pages\/575\/revisions"}],"predecessor-version":[{"id":5459,"href":"https:\/\/uilv.org\/index.php\/wp-json\/wp\/v2\/pages\/575\/revisions\/5459"}],"wp:attachment":[{"href":"https:\/\/uilv.org\/index.php\/wp-json\/wp\/v2\/media?parent=575"}],"curies":[{"name":"wp","href":"https:\/\/api.w.org\/{rel}","templated":true}]}}